{"id":26,"date":"2018-02-01T10:11:48","date_gmt":"2018-02-01T10:11:48","guid":{"rendered":"http:\/\/promethano.de\/?page_id=26"},"modified":"2018-06-11T09:59:01","modified_gmt":"2018-06-11T09:59:01","slug":"ueber-uns","status":"publish","type":"page","link":"http:\/\/bluemethano.de\/?page_id=26","title":{"rendered":"\u00dcber uns"},"content":{"rendered":"<p>BlueMethano ist ein junges, Berliner Start-Up, das sich auf die Entwicklung von Messger\u00e4ten und Apparaturen f\u00fcr die lebenswissenschaftliche Forschung spezialisiert hat. Als Ausgr\u00fcndung aus der Humboldt-Universit\u00e4t zu Berlin arbeiteten bei BlueMethano von Anfang an Experten auf dem Bereich der Forschung, insbesondere der Biogasforschung. Gegr\u00fcndet wurde die BlueMethano GmbH\u00a0 2014 und inzwischen vertrauen mehrere Forschungslabore auf die Ger\u00e4te des Unternehmens. Die K\u00f6pfe der BlueMethano GmbH sind Markus Huth und Dr. Rainer T\u00f6lle.<\/p>\n<p><img loading=\"lazy\" decoding=\"async\" class=\"alignright wp-image-36 size-medium\" src=\"http:\/\/promethano.de\/wp-content\/uploads\/2018\/01\/huth-e1517478859116-209x300.jpg\" alt=\"\" width=\"209\" height=\"300\" srcset=\"http:\/\/bluemethano.de\/wp-content\/uploads\/2018\/01\/huth-e1517478859116-209x300.jpg 209w, http:\/\/bluemethano.de\/wp-content\/uploads\/2018\/01\/huth-e1517478859116.jpg 276w\" sizes=\"auto, (max-width: 209px) 85vw, 209px\" \/><\/p>\n<p>Markus, der Gesch\u00e4ftsf\u00fchrer, ist Agraringenieur und spezialisierte sich bereits\u00a0 w\u00e4hrend des\u00a0Studiums auf Gasmesstechnik im lebenswissenschaftlichen Bereich. Er ist seit vielen Jahren in der Biogasforschung t\u00e4tig und kennt die Probleme, mit denen die Labore jeden Tag aufs Neue zu k\u00e4mpfen haben. Die Gr\u00fcndung der BlueMethano GmbH war der logische Schritt nachdem Markus bereits w\u00e4hrend seiner Studienzeit an der Entwicklung neuartiger Messger\u00e4te f\u00fcr die Biogasforschung t\u00fcftelte. Eine seiner Entwicklungen ist ein Biogasz\u00e4hler, der es erm\u00f6glicht, sehr pr\u00e4zise Gas-Kleinstmengen zu bestimmen. Gerade f\u00fcr die Forschungslabore ist dies ein gro\u00dfer Gewinn.<\/p>\n<p>&nbsp;<\/p>\n<p><img loading=\"lazy\" decoding=\"async\" class=\"wp-image-105 size-medium alignright\" src=\"http:\/\/promethano.de\/wp-content\/uploads\/2018\/02\/01-209x300.jpg\" alt=\"\" width=\"209\" height=\"300\" srcset=\"http:\/\/bluemethano.de\/wp-content\/uploads\/2018\/02\/01-209x300.jpg 209w, http:\/\/bluemethano.de\/wp-content\/uploads\/2018\/02\/01.jpg 370w\" sizes=\"auto, (max-width: 209px) 85vw, 209px\" \/>Rainer ist promovierter Forstingenieur und ebenfalls seit vielen Jahren in der Biogasforschung t\u00e4tig. Als langj\u00e4hriger Lehrbeauftragter f\u00fcr Agrartechnik an der Humboldt-Universit\u00e4t zu Berlin kennt er die Schwachstellen der Messger\u00e4te f\u00fcr die landwirtschaftliche Forschung selbstverst\u00e4ndlich wie seine Westentasche. Auch er hat bereits vor der Firmengr\u00fcndung diverse eigene Ger\u00e4te entwickelt und diese auch patentieren lassen. Dank Rainers Ideenreichtum baut die BlueMethano GmbH heute nicht mehr nur Ger\u00e4te f\u00fcr die Biogasforschung, sondern hat auch in der Getreideforschung Fu\u00df gefasst. Hier hat das Start-Up ein Messsystem entwickelt, mit dem es m\u00f6glich ist, das Gewicht und die Struktur von Getreidek\u00f6rnern zu ermitteln, ohne daf\u00fcr eine Waage zu nutzen. Die Etablierung dieses Systems in der Getreidelagerung und der Getreidelogistik ist einer der n\u00e4chsten Meilensteine in der Unternehmensplanung.<\/p>\n","protected":false},"excerpt":{"rendered":"<p>BlueMethano ist ein junges, Berliner Start-Up, das sich auf die Entwicklung von Messger\u00e4ten und Apparaturen f\u00fcr die lebenswissenschaftliche Forschung spezialisiert hat. Als Ausgr\u00fcndung aus der Humboldt-Universit\u00e4t zu Berlin arbeiteten bei BlueMethano von Anfang an Experten auf dem Bereich der Forschung, insbesondere der Biogasforschung. Gegr\u00fcndet wurde die BlueMethano GmbH\u00a0 2014 und inzwischen vertrauen mehrere Forschungslabore auf &hellip; <a href=\"http:\/\/bluemethano.de\/?page_id=26\" class=\"more-link\"><span class=\"screen-reader-text\">&#8222;\u00dcber uns&#8220; <\/span>weiterlesen<\/a><\/p>\n","protected":false},"author":1,"featured_media":0,"parent":0,"menu_order":0,"comment_status":"closed","ping_status":"closed","template":"","meta":{"footnotes":""},"class_list":["post-26","page","type-page","status-publish","hentry"],"_links":{"self":[{"href":"http:\/\/bluemethano.de\/index.php?rest_route=\/wp\/v2\/pages\/26","targetHints":{"allow":["GET"]}}],"collection":[{"href":"http:\/\/bluemethano.de\/index.php?rest_route=\/wp\/v2\/pages"}],"about":[{"href":"http:\/\/bluemethano.de\/index.php?rest_route=\/wp\/v2\/types\/page"}],"author":[{"embeddable":true,"href":"http:\/\/bluemethano.de\/index.php?rest_route=\/wp\/v2\/users\/1"}],"replies":[{"embeddable":true,"href":"http:\/\/bluemethano.de\/index.php?rest_route=%2Fwp%2Fv2%2Fcomments&post=26"}],"version-history":[{"count":15,"href":"http:\/\/bluemethano.de\/index.php?rest_route=\/wp\/v2\/pages\/26\/revisions"}],"predecessor-version":[{"id":117,"href":"http:\/\/bluemethano.de\/index.php?rest_route=\/wp\/v2\/pages\/26\/revisions\/117"}],"wp:attachment":[{"href":"http:\/\/bluemethano.de\/index.php?rest_route=%2Fwp%2Fv2%2Fmedia&parent=26"}],"curies":[{"name":"wp","href":"https:\/\/api.w.org\/{rel}","templated":true}]}}