{"id":28,"date":"2018-02-01T10:10:38","date_gmt":"2018-02-01T10:10:38","guid":{"rendered":"http:\/\/promethano.de\/?page_id=28"},"modified":"2018-06-11T10:02:52","modified_gmt":"2018-06-11T10:02:52","slug":"forschungsprojekte","status":"publish","type":"page","link":"http:\/\/bluemethano.de\/?page_id=28","title":{"rendered":"Forschungsprojekte"},"content":{"rendered":"<p>Die Entwicklung von Ger\u00e4ten f\u00fcr die lebenswissenschaftliche Forschung ist eine unserer Kernkompetenzen. Wir beteiligen uns deshalb auch an gemeinsamen Projekten mit verschiedenen Forschungseinrichtungen.<\/p>\n<h2><strong>Projekt HeluPoKo<\/strong><\/h2>\n<p>Aktuell bearbeiten wir zusammen mit der Firma feiffer-consult und der Humboldt-Universit\u00e4t zu Berlin das Projekt <strong>Online-Ermittlung des Hektolitergewichts w\u00e4hrend des M\u00e4hdruschs durch Bestimmung des luftgef\u00fcllten Porenvolumens in Kornsch\u00fcttungen &#8211; HeluPoKo<\/strong>. Unsere Aufgabe besteht in der Entwicklung eines neuartigen Messsystems zur Bestimmung der Sch\u00fcttdichte von Getreide.<\/p>\n<p>Die F\u00f6rderung des Vorhabens erfolgt aus Mitteln der Landwirtschaftlichen Rentenbank.<\/p>\n<p><img loading=\"lazy\" decoding=\"async\" class=\"alignnone wp-image-29\" src=\"http:\/\/promethano.de\/wp-content\/uploads\/2018\/01\/Logo_2_feiffer-300x153.png\" alt=\"\" width=\"231\" height=\"118\" srcset=\"http:\/\/bluemethano.de\/wp-content\/uploads\/2018\/01\/Logo_2_feiffer-300x153.png 300w, http:\/\/bluemethano.de\/wp-content\/uploads\/2018\/01\/Logo_2_feiffer.png 533w\" sizes=\"auto, (max-width: 231px) 85vw, 231px\" \/>\u00a0 \u00a0 \u00a0 <img loading=\"lazy\" decoding=\"async\" class=\"alignnone  wp-image-109\" src=\"http:\/\/promethano.de\/wp-content\/uploads\/2018\/06\/1-1024x146.png\" alt=\"\" width=\"350\" height=\"50\" srcset=\"http:\/\/bluemethano.de\/wp-content\/uploads\/2018\/06\/1-1024x146.png 1024w, http:\/\/bluemethano.de\/wp-content\/uploads\/2018\/06\/1-300x43.png 300w, http:\/\/bluemethano.de\/wp-content\/uploads\/2018\/06\/1-768x110.png 768w, http:\/\/bluemethano.de\/wp-content\/uploads\/2018\/06\/1-1200x171.png 1200w, http:\/\/bluemethano.de\/wp-content\/uploads\/2018\/06\/1.png 1843w\" sizes=\"auto, (max-width: 350px) 85vw, 350px\" \/>\u00a0 \u00a0 \u00a0<img loading=\"lazy\" decoding=\"async\" class=\"alignnone wp-image-33\" src=\"http:\/\/promethano.de\/wp-content\/uploads\/2018\/01\/image_preview-300x300.png\" alt=\"\" width=\"136\" height=\"136\" srcset=\"http:\/\/bluemethano.de\/wp-content\/uploads\/2018\/01\/image_preview-300x300.png 300w, http:\/\/bluemethano.de\/wp-content\/uploads\/2018\/01\/image_preview-150x150.png 150w, http:\/\/bluemethano.de\/wp-content\/uploads\/2018\/01\/image_preview.png 400w\" sizes=\"auto, (max-width: 136px) 85vw, 136px\" \/><\/p>\n<p><img loading=\"lazy\" decoding=\"async\" class=\"wp-image-30 alignnone\" src=\"http:\/\/promethano.de\/wp-content\/uploads\/2018\/01\/Logo-Projekttraeger-PTBLE-300x169.jpg\" alt=\"\" width=\"179\" height=\"101\" srcset=\"http:\/\/bluemethano.de\/wp-content\/uploads\/2018\/01\/Logo-Projekttraeger-PTBLE-300x169.jpg 300w, http:\/\/bluemethano.de\/wp-content\/uploads\/2018\/01\/Logo-Projekttraeger-PTBLE-768x433.jpg 768w, http:\/\/bluemethano.de\/wp-content\/uploads\/2018\/01\/Logo-Projekttraeger-PTBLE.jpg 980w\" sizes=\"auto, (max-width: 179px) 85vw, 179px\" \/><img loading=\"lazy\" decoding=\"async\" class=\"alignnone size-full wp-image-31\" src=\"http:\/\/promethano.de\/wp-content\/uploads\/2018\/01\/rentenbank.png\" alt=\"\" width=\"183\" height=\"71\" \/><\/p>\n","protected":false},"excerpt":{"rendered":"<p>Die Entwicklung von Ger\u00e4ten f\u00fcr die lebenswissenschaftliche Forschung ist eine unserer Kernkompetenzen. Wir beteiligen uns deshalb auch an gemeinsamen Projekten mit verschiedenen Forschungseinrichtungen. Projekt HeluPoKo Aktuell bearbeiten wir zusammen mit der Firma feiffer-consult und der Humboldt-Universit\u00e4t zu Berlin das Projekt Online-Ermittlung des Hektolitergewichts w\u00e4hrend des M\u00e4hdruschs durch Bestimmung des luftgef\u00fcllten Porenvolumens in Kornsch\u00fcttungen &#8211; HeluPoKo. &hellip; <a href=\"http:\/\/bluemethano.de\/?page_id=28\" class=\"more-link\"><span class=\"screen-reader-text\">&#8222;Forschungsprojekte&#8220; <\/span>weiterlesen<\/a><\/p>\n","protected":false},"author":1,"featured_media":0,"parent":0,"menu_order":0,"comment_status":"closed","ping_status":"closed","template":"","meta":{"footnotes":""},"class_list":["post-28","page","type-page","status-publish","hentry"],"_links":{"self":[{"href":"http:\/\/bluemethano.de\/index.php?rest_route=\/wp\/v2\/pages\/28","targetHints":{"allow":["GET"]}}],"collection":[{"href":"http:\/\/bluemethano.de\/index.php?rest_route=\/wp\/v2\/pages"}],"about":[{"href":"http:\/\/bluemethano.de\/index.php?rest_route=\/wp\/v2\/types\/page"}],"author":[{"embeddable":true,"href":"http:\/\/bluemethano.de\/index.php?rest_route=\/wp\/v2\/users\/1"}],"replies":[{"embeddable":true,"href":"http:\/\/bluemethano.de\/index.php?rest_route=%2Fwp%2Fv2%2Fcomments&post=28"}],"version-history":[{"count":15,"href":"http:\/\/bluemethano.de\/index.php?rest_route=\/wp\/v2\/pages\/28\/revisions"}],"predecessor-version":[{"id":120,"href":"http:\/\/bluemethano.de\/index.php?rest_route=\/wp\/v2\/pages\/28\/revisions\/120"}],"wp:attachment":[{"href":"http:\/\/bluemethano.de\/index.php?rest_route=%2Fwp%2Fv2%2Fmedia&parent=28"}],"curies":[{"name":"wp","href":"https:\/\/api.w.org\/{rel}","templated":true}]}}