{"id":73,"date":"2018-02-01T11:50:27","date_gmt":"2018-02-01T11:50:27","guid":{"rendered":"http:\/\/promethano.de\/?page_id=73"},"modified":"2018-02-01T12:47:16","modified_gmt":"2018-02-01T12:47:16","slug":"agrarforschung","status":"publish","type":"page","link":"http:\/\/bluemethano.de\/?page_id=73","title":{"rendered":"Agrarforschung"},"content":{"rendered":"<p>Wir entwickeln verschiedenste Ger\u00e4te f\u00fcr die Landwirtschaft. Sowohl f\u00fcr den Forschungsbedarf, als auch f\u00fcr die Praxis.<\/p>\n<p>Unsere neueste Entwicklung ist eine Versuchsanordnung f\u00fcr die online-Bestimmung des Hektolitergewichts von Getreide direkt auf dem M\u00e4hdrescher.<\/p>\n<p><img loading=\"lazy\" decoding=\"async\" class=\"aligncenter wp-image-91\" src=\"http:\/\/promethano.de\/wp-content\/uploads\/2018\/02\/IMGP0828_b-678x1024.jpg\" alt=\"\" width=\"350\" height=\"529\" srcset=\"http:\/\/bluemethano.de\/wp-content\/uploads\/2018\/02\/IMGP0828_b-678x1024.jpg 678w, http:\/\/bluemethano.de\/wp-content\/uploads\/2018\/02\/IMGP0828_b-199x300.jpg 199w, http:\/\/bluemethano.de\/wp-content\/uploads\/2018\/02\/IMGP0828_b-768x1160.jpg 768w, http:\/\/bluemethano.de\/wp-content\/uploads\/2018\/02\/IMGP0828_b-1200x1812.jpg 1200w\" sizes=\"auto, (max-width: 350px) 85vw, 350px\" \/><\/p>\n","protected":false},"excerpt":{"rendered":"<p>Wir entwickeln verschiedenste Ger\u00e4te f\u00fcr die Landwirtschaft. Sowohl f\u00fcr den Forschungsbedarf, als auch f\u00fcr die Praxis. Unsere neueste Entwicklung ist eine Versuchsanordnung f\u00fcr die online-Bestimmung des Hektolitergewichts von Getreide direkt auf dem M\u00e4hdrescher.<\/p>\n","protected":false},"author":1,"featured_media":0,"parent":67,"menu_order":0,"comment_status":"closed","ping_status":"closed","template":"","meta":{"footnotes":""},"class_list":["post-73","page","type-page","status-publish","hentry"],"_links":{"self":[{"href":"http:\/\/bluemethano.de\/index.php?rest_route=\/wp\/v2\/pages\/73","targetHints":{"allow":["GET"]}}],"collection":[{"href":"http:\/\/bluemethano.de\/index.php?rest_route=\/wp\/v2\/pages"}],"about":[{"href":"http:\/\/bluemethano.de\/index.php?rest_route=\/wp\/v2\/types\/page"}],"author":[{"embeddable":true,"href":"http:\/\/bluemethano.de\/index.php?rest_route=\/wp\/v2\/users\/1"}],"replies":[{"embeddable":true,"href":"http:\/\/bluemethano.de\/index.php?rest_route=%2Fwp%2Fv2%2Fcomments&post=73"}],"version-history":[{"count":8,"href":"http:\/\/bluemethano.de\/index.php?rest_route=\/wp\/v2\/pages\/73\/revisions"}],"predecessor-version":[{"id":98,"href":"http:\/\/bluemethano.de\/index.php?rest_route=\/wp\/v2\/pages\/73\/revisions\/98"}],"up":[{"embeddable":true,"href":"http:\/\/bluemethano.de\/index.php?rest_route=\/wp\/v2\/pages\/67"}],"wp:attachment":[{"href":"http:\/\/bluemethano.de\/index.php?rest_route=%2Fwp%2Fv2%2Fmedia&parent=73"}],"curies":[{"name":"wp","href":"https:\/\/api.w.org\/{rel}","templated":true}]}}